{"id":22,"date":"2023-01-05T11:35:18","date_gmt":"2023-01-05T10:35:18","guid":{"rendered":"https:\/\/www.hm-videoproduktion.de\/digitalsangha\/?page_id=22"},"modified":"2023-01-05T11:43:31","modified_gmt":"2023-01-05T10:43:31","slug":"digital-sangha","status":"publish","type":"page","link":"https:\/\/www.hm-videoproduktion.de\/digitalsangha\/","title":{"rendered":"DIGITAL SANGHA"},"content":{"rendered":"\n<p>Eine Sangha ist die Gemeinschaft der Buddhisten und Buddhistinnen. Normalerweise versteht man darunter eine lokale Gruppe, die sich in Pr\u00e4senz \u00f6rtlich trifft. Aber die Zeiten \u00e4ndern sich. Wer nicht unbedingt in Ballungszentren lebt hat oft Schwierigkeiten eine Sangha zu finden. Dies m\u00f6chte die Digital Sangha erg\u00e4nzen. Wir treffen uns digital, also im Internet, und gehen somit mit der Zeit. Vortr\u00e4ge und Predigten, Belehrungen und Beitr\u00e4ge werden auf dieser Webseite und auf dem YouTube Kanal der Digital Sangha angeboten. Die Beitr\u00e4ge sind aufgezeichnet oder Live\u00fcbertragungen.<\/p>\n\n\n\n<p>Der Buddhismus, der in der Digital Sangha praktiziert wird, nennt sich Pacchimayana Buddhismus \u2013 was das westliche Fahrzeug bedeutet. Es ist ein Buddhismus, der stark an den Theravada Buddhismus angelehnt ist und an die westliche Kulutur und Gesellschaft angepasst wurde.<\/p>\n\n\n\n<figure class=\"wp-block-embed is-type-video is-provider-youtube wp-block-embed-youtube wp-embed-aspect-16-9 wp-has-aspect-ratio\"><div class=\"wp-block-embed__wrapper\">\n<iframe loading=\"lazy\" title=\"Digital Sangha \u00dcberblick\" width=\"680\" height=\"383\" src=\"https:\/\/www.youtube.com\/embed\/CPnh5YGj8VE?feature=oembed\" frameborder=\"0\" allow=\"accelerometer; autoplay; clipboard-write; encrypted-media; gyroscope; picture-in-picture; web-share\" allowfullscreen><\/iframe>\n<\/div><\/figure>\n","protected":false},"excerpt":{"rendered":"<p>Eine Sangha ist die Gemeinschaft der Buddhisten und Buddhistinnen. Normalerweise versteht man darunter eine lokale Gruppe, die sich in Pr\u00e4senz [&hellip;]<\/p>\n","protected":false},"author":1,"featured_media":0,"parent":0,"menu_order":0,"comment_status":"closed","ping_status":"closed","template":"","meta":{"footnotes":""},"class_list":["post-22","page","type-page","status-publish","hentry"],"_links":{"self":[{"href":"https:\/\/www.hm-videoproduktion.de\/digitalsangha\/index.php?rest_route=\/wp\/v2\/pages\/22","targetHints":{"allow":["GET"]}}],"collection":[{"href":"https:\/\/www.hm-videoproduktion.de\/digitalsangha\/index.php?rest_route=\/wp\/v2\/pages"}],"about":[{"href":"https:\/\/www.hm-videoproduktion.de\/digitalsangha\/index.php?rest_route=\/wp\/v2\/types\/page"}],"author":[{"embeddable":true,"href":"https:\/\/www.hm-videoproduktion.de\/digitalsangha\/index.php?rest_route=\/wp\/v2\/users\/1"}],"replies":[{"embeddable":true,"href":"https:\/\/www.hm-videoproduktion.de\/digitalsangha\/index.php?rest_route=%2Fwp%2Fv2%2Fcomments&post=22"}],"version-history":[{"count":2,"href":"https:\/\/www.hm-videoproduktion.de\/digitalsangha\/index.php?rest_route=\/wp\/v2\/pages\/22\/revisions"}],"predecessor-version":[{"id":26,"href":"https:\/\/www.hm-videoproduktion.de\/digitalsangha\/index.php?rest_route=\/wp\/v2\/pages\/22\/revisions\/26"}],"wp:attachment":[{"href":"https:\/\/www.hm-videoproduktion.de\/digitalsangha\/index.php?rest_route=%2Fwp%2Fv2%2Fmedia&parent=22"}],"curies":[{"name":"wp","href":"https:\/\/api.w.org\/{rel}","templated":true}]}}